{"id":135,"date":"2019-05-22T15:32:05","date_gmt":"2019-05-22T18:32:05","guid":{"rendered":"https:\/\/mhmusinagem.com.br\/usinagem\/?page_id=135"},"modified":"2022-07-12T10:38:04","modified_gmt":"2022-07-12T13:38:04","slug":"regioes-atendidas","status":"publish","type":"page","link":"https:\/\/mhmusinagem.com.br\/usinagem\/regioes-atendidas\/","title":{"rendered":"Regi\u00f5es Atendidas"},"content":{"rendered":"<h3><strong>ATENDEMOS TODO O BRASIL<\/strong><\/h3>\n<p>Com localiza\u00e7\u00e3o estrat\u00e9gica e setor log\u00edstico, desenvolvemos\u00a0 e despachamos suas pe\u00e7as para cidades de todo o Brasil.<\/p>\n<p>&nbsp;<\/p>\n<p><a href=\"https:\/\/mhmusinagem.com.br\/usinagem\/contato\/\"><img loading=\"lazy\" decoding=\"async\" class=\"aligncenter wp-image-358 size-full\" src=\"https:\/\/mhmusinagem.com.br\/usinagem\/wp-content\/uploads\/2019\/05\/mapa25.png\" alt=\"Solicite seu or\u00e7amento\" width=\"667\" height=\"685\" srcset=\"https:\/\/mhmusinagem.com.br\/usinagem\/wp-content\/uploads\/2019\/05\/mapa25.png 667w, https:\/\/mhmusinagem.com.br\/usinagem\/wp-content\/uploads\/2019\/05\/mapa25-292x300.png 292w\" sizes=\"auto, (max-width: 667px) 100vw, 667px\" \/><\/a><\/p>\n<div class=\"su-note\"  style=\"border-color:#dddddd;border-radius:3px;-moz-border-radius:3px;-webkit-border-radius:3px;\"><div class=\"su-note-inner su-u-clearfix su-u-trim\" style=\"background-color:#F7F7F7;border-color:#ffffff;color:#333333;border-radius:3px;-moz-border-radius:3px;-webkit-border-radius:3px;\">\n<p><strong>Atendemos empresas de todo o Brasil, desenvolvendo produtos para ind\u00fastrias de manufatura de diversos segmentos, incluindo segmento automotivo, ind\u00fastria b\u00e9lica e de defesa, v\u00e1lvulas e equipamentos, setor de petr\u00f3leo e G\u00e1s e ind\u00fastria de automa\u00e7\u00e3o, com relevantes servi\u00e7os a clientes de todos os portes.<\/strong><\/p>\n<\/div><\/div>\n<p><iframe src=\"https:\/\/www.google.com\/maps\/embed?pb=!4v1657632909261!6m8!1m7!1sOptmCi_h9LgDF9yGU5PXAg!2m2!1d-22.16151457613576!2d-43.29253611542197!3f62.349325862863815!4f13.356052397203584!5f0.7820865974627469\" width=\"800\" height=\"600\" style=\"border:0;\" allowfullscreen=\"\" loading=\"lazy\" referrerpolicy=\"no-referrer-when-downgrade\"><\/iframe><\/p>\n","protected":false},"excerpt":{"rendered":"<p>ATENDEMOS TODO O BRASIL Com localiza\u00e7\u00e3o estrat\u00e9gica e setor log\u00edstico, desenvolvemos\u00a0 e despachamos suas pe\u00e7as para cidades de todo o Brasil. &nbsp;<\/p>\n","protected":false},"author":1,"featured_media":0,"parent":0,"menu_order":0,"comment_status":"closed","ping_status":"closed","template":"","meta":{"footnotes":"","_links_to":"","_links_to_target":""},"class_list":["post-135","page","type-page","status-publish","hentry"],"_links":{"self":[{"href":"https:\/\/mhmusinagem.com.br\/usinagem\/wp-json\/wp\/v2\/pages\/135","targetHints":{"allow":["GET"]}}],"collection":[{"href":"https:\/\/mhmusinagem.com.br\/usinagem\/wp-json\/wp\/v2\/pages"}],"about":[{"href":"https:\/\/mhmusinagem.com.br\/usinagem\/wp-json\/wp\/v2\/types\/page"}],"author":[{"embeddable":true,"href":"https:\/\/mhmusinagem.com.br\/usinagem\/wp-json\/wp\/v2\/users\/1"}],"replies":[{"embeddable":true,"href":"https:\/\/mhmusinagem.com.br\/usinagem\/wp-json\/wp\/v2\/comments?post=135"}],"version-history":[{"count":8,"href":"https:\/\/mhmusinagem.com.br\/usinagem\/wp-json\/wp\/v2\/pages\/135\/revisions"}],"predecessor-version":[{"id":348,"href":"https:\/\/mhmusinagem.com.br\/usinagem\/wp-json\/wp\/v2\/pages\/135\/revisions\/348"}],"wp:attachment":[{"href":"https:\/\/mhmusinagem.com.br\/usinagem\/wp-json\/wp\/v2\/media?parent=135"}],"curies":[{"name":"wp","href":"https:\/\/api.w.org\/{rel}","templated":true}]}}