{"id":106,"date":"2019-05-22T14:11:29","date_gmt":"2019-05-22T17:11:29","guid":{"rendered":"https:\/\/mhmusinagem.com.br\/usinagem\/?page_id=106"},"modified":"2025-03-12T10:13:20","modified_gmt":"2025-03-12T13:13:20","slug":"gestao-de-qualidade","status":"publish","type":"page","link":"https:\/\/mhmusinagem.com.br\/usinagem\/gestao-de-qualidade\/","title":{"rendered":"Gest\u00e3o de Qualidade"},"content":{"rendered":"<h3><strong>POL\u00cdTICA DA QUALIDADE<\/strong><\/h3>\n<div class=\"su-quote su-quote-style-default su-quote-has-cite\"><div class=\"su-quote-inner su-u-clearfix su-u-trim\">\n<h4><a href=\"https:\/\/mhmusinagem.com.br\/usinagem\/wp-content\/uploads\/2019\/06\/politica_qualidade.pdf\" target=\"_blank\" rel=\"noopener noreferrer\">Fornecer produtos e servi\u00e7os com foco nos requisitos dos clientes e das partes interessadas, melhorando continuamente seus processos atrav\u00e9s da abordagem dos riscos na gest\u00e3o e constante inova\u00e7\u00e3o<\/a>.<\/h4>\n<span class=\"su-quote-cite\">H\u00e9lio Macacchero Jr - 15\/07\/2018.<\/span><\/div><\/div>\n<h3><strong>CONHE\u00c7A NOSSAS CERTIFICA\u00c7\u00d5ES DE QUALIDADE:<\/strong><\/h3>\n<p>A <a href=\"https:\/\/mhmusinagem.com.br\/usinagem\/\"><strong>METAL\u00daRGICA MHM <\/strong><\/a>est\u00e1 adequando seus processos a fim de alcan\u00e7ar a certifica\u00e7\u00e3o ISO\/TS 16949 e ISO 14001, para que seja poss\u00edvel tornar-se mais competitiva e fortalecer seu compromisso com a melhoria continua da organiza\u00e7\u00e3o e com o desenvolvimento da sociedade.<\/p>\n<p><a href=\"https:\/\/mhmusinagem.com.br\/usinagem\/certificados\/\"><img loading=\"lazy\" decoding=\"async\" class=\"aligncenter wp-image-417 size-full\" src=\"https:\/\/mhmusinagem.com.br\/usinagem\/wp-content\/uploads\/2019\/05\/rina2.png\" alt=\"RINA\" width=\"600\" height=\"383\" srcset=\"https:\/\/mhmusinagem.com.br\/usinagem\/wp-content\/uploads\/2019\/05\/rina2.png 600w, https:\/\/mhmusinagem.com.br\/usinagem\/wp-content\/uploads\/2019\/05\/rina2-300x192.png 300w\" sizes=\"auto, (max-width: 600px) 100vw, 600px\" \/><\/a><\/p>\n<div class=\"section section-info\"><div class=\"custombtn\" style=\"text-align:center\">\t\r\n\t   <a class=\"morebutton hvr-float-shadow\" href=\"https:\/\/mhmusinagem.com.br\/usinagem\/certificados\/\" target=\"\">VER CERTIFICADOS<\/a>\t   \t   \r\n\t<\/div><\/div>\n","protected":false},"excerpt":{"rendered":"<p>POL\u00cdTICA DA QUALIDADE CONHE\u00c7A NOSSAS CERTIFICA\u00c7\u00d5ES DE QUALIDADE: A METAL\u00daRGICA MHM est\u00e1 adequando seus processos a fim de alcan\u00e7ar a certifica\u00e7\u00e3o ISO\/TS 16949 e ISO 14001, para que seja poss\u00edvel tornar-se mais competitiva e fortalecer seu compromisso com a melhoria continua da organiza\u00e7\u00e3o e com o desenvolvimento da sociedade.<\/p>\n","protected":false},"author":1,"featured_media":0,"parent":0,"menu_order":0,"comment_status":"closed","ping_status":"closed","template":"","meta":{"footnotes":"","_links_to":"","_links_to_target":""},"class_list":["post-106","page","type-page","status-publish","hentry"],"_links":{"self":[{"href":"https:\/\/mhmusinagem.com.br\/usinagem\/wp-json\/wp\/v2\/pages\/106","targetHints":{"allow":["GET"]}}],"collection":[{"href":"https:\/\/mhmusinagem.com.br\/usinagem\/wp-json\/wp\/v2\/pages"}],"about":[{"href":"https:\/\/mhmusinagem.com.br\/usinagem\/wp-json\/wp\/v2\/types\/page"}],"author":[{"embeddable":true,"href":"https:\/\/mhmusinagem.com.br\/usinagem\/wp-json\/wp\/v2\/users\/1"}],"replies":[{"embeddable":true,"href":"https:\/\/mhmusinagem.com.br\/usinagem\/wp-json\/wp\/v2\/comments?post=106"}],"version-history":[{"count":44,"href":"https:\/\/mhmusinagem.com.br\/usinagem\/wp-json\/wp\/v2\/pages\/106\/revisions"}],"predecessor-version":[{"id":826,"href":"https:\/\/mhmusinagem.com.br\/usinagem\/wp-json\/wp\/v2\/pages\/106\/revisions\/826"}],"wp:attachment":[{"href":"https:\/\/mhmusinagem.com.br\/usinagem\/wp-json\/wp\/v2\/media?parent=106"}],"curies":[{"name":"wp","href":"https:\/\/api.w.org\/{rel}","templated":true}]}}